{"id":245,"date":"2019-10-11T15:19:28","date_gmt":"2019-10-11T13:19:28","guid":{"rendered":"https:\/\/www.lamarinada.com\/?page_id=245"},"modified":"2019-10-17T13:39:35","modified_gmt":"2019-10-17T11:39:35","slug":"les-nostres-propostes","status":"publish","type":"page","link":"https:\/\/www.lamarinada.com\/es\/les-nostres-propostes\/","title":{"rendered":"Nuestras propuestas"},"content":{"rendered":"<div class=\"wpb-content-wrapper\"><div class=\"vc_row wpb_row section vc_row-fluid  vc_custom_1570813316572 grid_section\" style=' padding-top:151px; padding-bottom:81px; text-align:left;'><div class=\" section_inner clearfix\"><div class='section_inner_margin clearfix'><div class=\"wpb_column vc_column_container vc_col-sm-12\"><div class=\"vc_column-inner\"><div class=\"wpb_wrapper\"><div      class=\"vc_row wpb_row section vc_row-fluid vc_inner \" style=' padding-bottom:107px; text-align:left;'><div class=\" full_section_inner clearfix\"><div class=\"wpb_column vc_column_container vc_col-sm-12 vc_col-md-7\"><div class=\"vc_column-inner\"><div class=\"wpb_wrapper\"><div class=\"wpb_revslider_element wpb_content_element\">\n\t\t\t<!-- START propostes REVOLUTION SLIDER 6.7.38 --><p class=\"rs-p-wp-fix\"><\/p>\n\t\t\t<rs-module-wrap id=\"rev_slider_2_1_wrapper\" data-source=\"gallery\" style=\"visibility:hidden;background:transparent;padding:0;margin:0px auto;margin-top:0;margin-bottom:0;\">\n\t\t\t\t<rs-module id=\"rev_slider_2_1\" style=\"\" data-version=\"6.7.38\">\n\t\t\t\t\t<rs-slides style=\"overflow: hidden; position: absolute;\">\n\t\t\t\t\t\t<rs-slide style=\"position: absolute;\" data-key=\"rs-2\" data-title=\"Slide\" data-thumb=\"\/\/www.lamarinada.com\/wp-content\/uploads\/2019\/10\/lamarinada-11-100x50.jpg\" data-duration=\"3000\" data-anim=\"adpr:false;\">\n\t\t\t\t\t\t\t<img decoding=\"async\" src=\"\/\/www.lamarinada.com\/wp-content\/plugins\/revslider\/sr6\/assets\/assets\/dummy.png\" alt=\"\" title=\"Les nostres propostes\" class=\"rev-slidebg tp-rs-img rs-lazyload\" data-lazyload=\"\/\/www.lamarinada.com\/wp-content\/uploads\/2019\/10\/lamarinada-11.jpg\" data-no-retina>\n<!---->\t\t\t\t\t<\/rs-slide>\n\t\t\t\t\t\t<rs-slide style=\"position: absolute;\" data-key=\"rs-3\" data-title=\"Slide\" data-thumb=\"\/\/www.lamarinada.com\/wp-content\/uploads\/2019\/10\/lamarinada-12-100x50.jpg\" data-duration=\"3010\" data-anim=\"adpr:false;\">\n\t\t\t\t\t\t\t<img decoding=\"async\" src=\"\/\/www.lamarinada.com\/wp-content\/plugins\/revslider\/sr6\/assets\/assets\/dummy.png\" alt=\"\" title=\"Les nostres propostes\" class=\"rev-slidebg tp-rs-img rs-lazyload\" data-lazyload=\"\/\/www.lamarinada.com\/wp-content\/uploads\/2019\/10\/lamarinada-12.jpg\" data-no-retina>\n<!---->\t\t\t\t\t<\/rs-slide>\n\t\t\t\t\t\t<rs-slide style=\"position: absolute;\" data-key=\"rs-4\" data-title=\"Slide\" data-thumb=\"\/\/www.lamarinada.com\/wp-content\/uploads\/2019\/10\/lamarinada-13-100x50.jpg\" data-duration=\"3010\" data-anim=\"adpr:false;\">\n\t\t\t\t\t\t\t<img decoding=\"async\" src=\"\/\/www.lamarinada.com\/wp-content\/plugins\/revslider\/sr6\/assets\/assets\/dummy.png\" alt=\"\" title=\"Les nostres propostes\" class=\"rev-slidebg tp-rs-img rs-lazyload\" data-lazyload=\"\/\/www.lamarinada.com\/wp-content\/uploads\/2019\/10\/lamarinada-13.jpg\" data-no-retina>\n<!---->\t\t\t\t\t<\/rs-slide>\n\t\t\t\t\t<\/rs-slides>\n\t\t\t\t<\/rs-module>\n\t\t\t\t<script>\n\t\t\t\t\tsetREVStartSize({c: 'rev_slider_2_1',rl:[1240,1024,778,480],el:[],gw:[1240],gh:[868],type:'carousel',justify:'',layout:'fullwidth',mh:\"0\"});if (window.RS_MODULES!==undefined && window.RS_MODULES.modules!==undefined && window.RS_MODULES.modules[\"revslider21\"]!==undefined) {window.RS_MODULES.modules[\"revslider21\"].once = false;window.revapi2 = undefined;if (window.RS_MODULES.checkMinimal!==undefined) window.RS_MODULES.checkMinimal()}\n\t\t\t\t<\/script>\n\t\t\t<\/rs-module-wrap>\n\t\t\t<!-- END REVOLUTION SLIDER -->\n<\/div>\t<div class=\"vc_empty_space\"  style=\"height: 30px\" ><span\n\t\t\tclass=\"vc_empty_space_inner\">\n\t\t\t<span class=\"empty_space_image\"  ><\/span>\n\t\t<\/span><\/div>\n\n<\/div><\/div><\/div><div class=\"wpb_column vc_column_container vc_col-sm-12 vc_col-md-5\"><div class=\"vc_column-inner\"><div class=\"wpb_wrapper\"><div class='q_elements_holder one_column responsive_mode_from_768' ><div class='q_elements_item ' data-1280-1440='48px 0px 0 52px' data-768-1024='16px 0px 0 28px' data-600-768='40px 0px 0 0px' data-480-600='40px 0px 0 0px' data-480='40px 0px 0 0px' data-animation='no' data-item-class='q_elements_holder_custom_542230'><div class='q_elements_item_inner'><div class='q_elements_item_content q_elements_holder_custom_542230' style='padding:99px 0px 0 52px'>\n\t<div class=\"wpb_text_column wpb_content_element \">\n\t\t<div class=\"wpb_wrapper\">\n\t\t\t<h4>La Casa Blava<\/h4>\n\n\t\t<\/div> \n\t<\/div> \t<div class=\"vc_empty_space\"  style=\"height: 12px\" ><span\n\t\t\tclass=\"vc_empty_space_inner\">\n\t\t\t<span class=\"empty_space_image\"  ><\/span>\n\t\t<\/span><\/div>\n\n\n\t<div class=\"wpb_text_column wpb_content_element \">\n\t\t<div class=\"wpb_wrapper\">\n\t\t\t<h2>Dies\u00a0inoblidables<\/h2>\n\n\t\t<\/div> \n\t<\/div> \t<div class=\"vc_empty_space\"  style=\"height: 26px\" ><span\n\t\t\tclass=\"vc_empty_space_inner\">\n\t\t\t<span class=\"empty_space_image\"  ><\/span>\n\t\t<\/span><\/div>\n\n\n\t<div class=\"wpb_text_column wpb_content_element \">\n\t\t<div class=\"wpb_wrapper\">\n\t\t\t<p>La situaci\u00f3 privilegiada de\u00a0<strong>La Marinada<\/strong>\u00a0ens permet gaudir de m\u00faltiples opcions pels seus voltants.<\/p>\n<p>Podem descobrir els secrets del litoral o aprendre a fer nusos mariners&#8230;. Tamb\u00e9 els adults tenim el dret d\u2019experimentar com els nens !!!<\/p>\n<p>Veniu i gaudireu de l\u2019esperit del mar que ens ofereix un ventall molt ampli d\u2019activitats per fer.<\/p>\n\n\t\t<\/div> \n\t<\/div> \t<div class=\"vc_empty_space\"  style=\"height: 33px\" ><span\n\t\t\tclass=\"vc_empty_space_inner\">\n\t\t\t<span class=\"empty_space_image\"  ><\/span>\n\t\t<\/span><\/div>\n\n<a  itemprop=\"url\" href=\"\/contacte\" target=\"_self\" data-hover-background-color='#2a6694'  class=\"qbutton  default\" style=\"background-color: rgba(255,255,255,0.01);\">Contacte<\/a><\/div><\/div><\/div><\/div>\t<div class=\"vc_empty_space\"  style=\"height: 30px\" ><span\n\t\t\tclass=\"vc_empty_space_inner\">\n\t\t\t<span class=\"empty_space_image\"  ><\/span>\n\t\t<\/span><\/div>\n\n<\/div><\/div><\/div><\/div><\/div><\/div><\/div><\/div><\/div><\/div><\/div><div      class=\"vc_row wpb_row section vc_row-fluid  vc_custom_1570813975502 grid_section\" style=' padding-top:35px; padding-bottom:35px; text-align:center;'><div class=\" section_inner clearfix\"><div class='section_inner_margin clearfix'><div class=\"wpb_column vc_column_container vc_col-sm-12\"><div class=\"vc_column-inner\"><div class=\"wpb_wrapper\"><div      class=\"vc_row wpb_row section vc_row-fluid vc_inner \" style=' padding-bottom:38px; text-align:left;'><div class=\" full_section_inner clearfix\"><div class=\"wpb_column vc_column_container vc_col-sm-12 vc_col-md-4\"><div class=\"vc_column-inner\"><div class=\"wpb_wrapper\">\n\t<div class=\"wpb_single_image wpb_content_element vc_align_left\">\n\t\t<div class=\"wpb_wrapper\">\n\t\t\t\n\t\t\t<div class=\"vc_single_image-wrapper   vc_box_border_grey\"><img loading=\"lazy\" decoding=\"async\" width=\"800\" height=\"1065\" src=\"https:\/\/www.lamarinada.com\/wp-content\/uploads\/2019\/10\/portaventura-1.jpg\" class=\"vc_single_image-img attachment-full\" alt=\"\" title=\"portaventura-1\" srcset=\"https:\/\/www.lamarinada.com\/wp-content\/uploads\/2019\/10\/portaventura-1.jpg 800w, https:\/\/www.lamarinada.com\/wp-content\/uploads\/2019\/10\/portaventura-1-225x300.jpg 225w, https:\/\/www.lamarinada.com\/wp-content\/uploads\/2019\/10\/portaventura-1-768x1022.jpg 768w, https:\/\/www.lamarinada.com\/wp-content\/uploads\/2019\/10\/portaventura-1-769x1024.jpg 769w, https:\/\/www.lamarinada.com\/wp-content\/uploads\/2019\/10\/portaventura-1-600x800.jpg 600w, https:\/\/www.lamarinada.com\/wp-content\/uploads\/2019\/10\/portaventura-1-700x932.jpg 700w\" sizes=\"auto, (max-width: 800px) 100vw, 800px\" \/><\/div>\n\t\t<\/div>\n\t<\/div>\n\t<div class=\"vc_empty_space\"  style=\"height: 36px\" ><span\n\t\t\tclass=\"vc_empty_space_inner\">\n\t\t\t<span class=\"empty_space_image\"  ><\/span>\n\t\t<\/span><\/div>\n\n\n\t<div class=\"wpb_text_column wpb_content_element \">\n\t\t<div class=\"wpb_wrapper\">\n\t\t\t<h4>Parcs d&#8217;atraccions<\/h4>\n\n\t\t<\/div> \n\t<\/div> \t<div class=\"vc_empty_space\"  style=\"height: 4px\" ><span\n\t\t\tclass=\"vc_empty_space_inner\">\n\t\t\t<span class=\"empty_space_image\"  ><\/span>\n\t\t<\/span><\/div>\n\n\n\t<div class=\"wpb_text_column wpb_content_element \">\n\t\t<div class=\"wpb_wrapper\">\n\t\t\t<h3><strong>Port Aventura i Costa Caribe<\/strong><\/h3>\n\n\t\t<\/div> \n\t<\/div> \t<div class=\"vc_empty_space\"  style=\"height: 8px\" ><span\n\t\t\tclass=\"vc_empty_space_inner\">\n\t\t\t<span class=\"empty_space_image\"  ><\/span>\n\t\t<\/span><\/div>\n\n\n\t<div class=\"wpb_text_column wpb_content_element \">\n\t\t<div class=\"wpb_wrapper\">\n\t\t\t<p>Descobreix cada atracci\u00f3 dels mons de PortAventura World i refresca&#8217;t a Costa Caribe.<\/p>\n\n\t\t<\/div> \n\t<\/div> \t<div class=\"vc_empty_space\"  style=\"height: 30px\" ><span\n\t\t\tclass=\"vc_empty_space_inner\">\n\t\t\t<span class=\"empty_space_image\"  ><\/span>\n\t\t<\/span><\/div>\n\n<\/div><\/div><\/div><div class=\"wpb_column vc_column_container vc_col-sm-12 vc_col-md-4\"><div class=\"vc_column-inner\"><div class=\"wpb_wrapper\">\n\t<div class=\"wpb_single_image wpb_content_element vc_align_left\">\n\t\t<div class=\"wpb_wrapper\">\n\t\t\t\n\t\t\t<div class=\"vc_single_image-wrapper   vc_box_border_grey\"><img loading=\"lazy\" decoding=\"async\" width=\"800\" height=\"1065\" src=\"https:\/\/www.lamarinada.com\/wp-content\/uploads\/2019\/10\/vaixells-lamarinada.jpg\" class=\"vc_single_image-img attachment-full\" alt=\"\" title=\"vaixells-lamarinada\" srcset=\"https:\/\/www.lamarinada.com\/wp-content\/uploads\/2019\/10\/vaixells-lamarinada.jpg 800w, https:\/\/www.lamarinada.com\/wp-content\/uploads\/2019\/10\/vaixells-lamarinada-225x300.jpg 225w, https:\/\/www.lamarinada.com\/wp-content\/uploads\/2019\/10\/vaixells-lamarinada-768x1022.jpg 768w, https:\/\/www.lamarinada.com\/wp-content\/uploads\/2019\/10\/vaixells-lamarinada-769x1024.jpg 769w, https:\/\/www.lamarinada.com\/wp-content\/uploads\/2019\/10\/vaixells-lamarinada-600x800.jpg 600w, https:\/\/www.lamarinada.com\/wp-content\/uploads\/2019\/10\/vaixells-lamarinada-700x932.jpg 700w\" sizes=\"auto, (max-width: 800px) 100vw, 800px\" \/><\/div>\n\t\t<\/div>\n\t<\/div>\n\t<div class=\"vc_empty_space\"  style=\"height: 36px\" ><span\n\t\t\tclass=\"vc_empty_space_inner\">\n\t\t\t<span class=\"empty_space_image\"  ><\/span>\n\t\t<\/span><\/div>\n\n\n\t<div class=\"wpb_text_column wpb_content_element \">\n\t\t<div class=\"wpb_wrapper\">\n\t\t\t<h4>Alta mar<\/h4>\n\n\t\t<\/div> \n\t<\/div> \t<div class=\"vc_empty_space\"  style=\"height: 4px\" ><span\n\t\t\tclass=\"vc_empty_space_inner\">\n\t\t\t<span class=\"empty_space_image\"  ><\/span>\n\t\t<\/span><\/div>\n\n\n\t<div class=\"wpb_text_column wpb_content_element \">\n\t\t<div class=\"wpb_wrapper\">\n\t\t\t<h3><strong>Sortides en vaixell<\/strong><\/h3>\n\n\t\t<\/div> \n\t<\/div> \t<div class=\"vc_empty_space\"  style=\"height: 8px\" ><span\n\t\t\tclass=\"vc_empty_space_inner\">\n\t\t\t<span class=\"empty_space_image\"  ><\/span>\n\t\t<\/span><\/div>\n\n\n\t<div class=\"wpb_text_column wpb_content_element \">\n\t\t<div class=\"wpb_wrapper\">\n\t\t\t<p>Deixa que la brisa marina et sedueixi i navega per un mar d&#8217;emocions.<\/p>\n\n\t\t<\/div> \n\t<\/div> \t<div class=\"vc_empty_space\"  style=\"height: 30px\" ><span\n\t\t\tclass=\"vc_empty_space_inner\">\n\t\t\t<span class=\"empty_space_image\"  ><\/span>\n\t\t<\/span><\/div>\n\n<\/div><\/div><\/div><div class=\"wpb_column vc_column_container vc_col-sm-12 vc_col-md-4\"><div class=\"vc_column-inner\"><div class=\"wpb_wrapper\">\n\t<div class=\"wpb_single_image wpb_content_element vc_align_left\">\n\t\t<div class=\"wpb_wrapper\">\n\t\t\t\n\t\t\t<div class=\"vc_single_image-wrapper   vc_box_border_grey\"><img loading=\"lazy\" decoding=\"async\" width=\"800\" height=\"1065\" src=\"https:\/\/www.lamarinada.com\/wp-content\/uploads\/2019\/10\/esports-lamarinada.jpg\" class=\"vc_single_image-img attachment-full\" alt=\"\" title=\"esports-lamarinada\" srcset=\"https:\/\/www.lamarinada.com\/wp-content\/uploads\/2019\/10\/esports-lamarinada.jpg 800w, https:\/\/www.lamarinada.com\/wp-content\/uploads\/2019\/10\/esports-lamarinada-225x300.jpg 225w, https:\/\/www.lamarinada.com\/wp-content\/uploads\/2019\/10\/esports-lamarinada-768x1022.jpg 768w, https:\/\/www.lamarinada.com\/wp-content\/uploads\/2019\/10\/esports-lamarinada-769x1024.jpg 769w, https:\/\/www.lamarinada.com\/wp-content\/uploads\/2019\/10\/esports-lamarinada-600x800.jpg 600w, https:\/\/www.lamarinada.com\/wp-content\/uploads\/2019\/10\/esports-lamarinada-700x932.jpg 700w\" sizes=\"auto, (max-width: 800px) 100vw, 800px\" \/><\/div>\n\t\t<\/div>\n\t<\/div>\n\t<div class=\"vc_empty_space\"  style=\"height: 36px\" ><span\n\t\t\tclass=\"vc_empty_space_inner\">\n\t\t\t<span class=\"empty_space_image\"  ><\/span>\n\t\t<\/span><\/div>\n\n\n\t<div class=\"wpb_text_column wpb_content_element \">\n\t\t<div class=\"wpb_wrapper\">\n\t\t\t<h4>En temporada<\/h4>\n\n\t\t<\/div> \n\t<\/div> \t<div class=\"vc_empty_space\"  style=\"height: 4px\" ><span\n\t\t\tclass=\"vc_empty_space_inner\">\n\t\t\t<span class=\"empty_space_image\"  ><\/span>\n\t\t<\/span><\/div>\n\n\n\t<div class=\"wpb_text_column wpb_content_element \">\n\t\t<div class=\"wpb_wrapper\">\n\t\t\t<h3><strong>Esports n\u00e0utics<\/strong><\/h3>\n\n\t\t<\/div> \n\t<\/div> \t<div class=\"vc_empty_space\"  style=\"height: 8px\" ><span\n\t\t\tclass=\"vc_empty_space_inner\">\n\t\t\t<span class=\"empty_space_image\"  ><\/span>\n\t\t<\/span><\/div>\n\n\n\t<div class=\"wpb_text_column wpb_content_element \">\n\t\t<div class=\"wpb_wrapper\">\n\t\t\t<p>Catamar\u00e0, esquibus, caiac, windsurf&#8230; diverteix-te mentre fas esport.<\/p>\n\n\t\t<\/div> \n\t<\/div> \t<div class=\"vc_empty_space\"  style=\"height: 30px\" ><span\n\t\t\tclass=\"vc_empty_space_inner\">\n\t\t\t<span class=\"empty_space_image\"  ><\/span>\n\t\t<\/span><\/div>\n\n<\/div><\/div><\/div><\/div><\/div><\/div><\/div><\/div><\/div><\/div><\/div><div      class=\"vc_row wpb_row section vc_row-fluid  vc_custom_1570814044798 grid_section\" style=' padding-top:35px; padding-bottom:130px; text-align:left;'><div class=\" section_inner clearfix\"><div class='section_inner_margin clearfix'><div class=\"wpb_column vc_column_container vc_col-sm-12\"><div class=\"vc_column-inner\"><div class=\"wpb_wrapper\"><div class='q_elements_holder one_column responsive_mode_from_768' ><div class='q_elements_item ' data-1280-1440='48px 0px 0 52px' data-768-1024='16px 0px 0 28px' data-600-768='40px 0px 0 0px' data-480-600='40px 0px 0 0px' data-480='40px 0px 0 0px' data-animation='no' data-item-class='q_elements_holder_custom_916415'><div class='q_elements_item_inner'><div class='q_elements_item_content q_elements_holder_custom_916415' style='padding:99px 0px 0 52px'>\n\t<div class=\"wpb_text_column wpb_content_element \">\n\t\t<div class=\"wpb_wrapper\">\n\t\t\t<h4>Vacances a la vora del mar<\/h4>\n\n\t\t<\/div> \n\t<\/div> \t<div class=\"vc_empty_space\"  style=\"height: 12px\" ><span\n\t\t\tclass=\"vc_empty_space_inner\">\n\t\t\t<span class=\"empty_space_image\"  ><\/span>\n\t\t<\/span><\/div>\n\n\n\t<div class=\"wpb_text_column wpb_content_element \">\n\t\t<div class=\"wpb_wrapper\">\n\t\t\t<h2>Amb amics i familia millor<\/h2>\n\n\t\t<\/div> \n\t<\/div> \t<div class=\"vc_empty_space\"  style=\"height: 26px\" ><span\n\t\t\tclass=\"vc_empty_space_inner\">\n\t\t\t<span class=\"empty_space_image\"  ><\/span>\n\t\t<\/span><\/div>\n\n\n\t<div class=\"wpb_text_column wpb_content_element \">\n\t\t<div class=\"wpb_wrapper\">\n\t\t\t<p><strong>La Marinada<\/strong>\u00a0tamb\u00e9 \u00e9s una magn\u00edfica proposta per les vacances familiars i les trobades d\u2019amics. Ens obre les seves portes\u00a0<strong>tots els caps de setmana de l\u2019any, festius i els mesos de juliol i agost.<\/strong><\/p>\n\n\t\t<\/div> \n\t<\/div> \t<div class=\"vc_empty_space\"  style=\"height: 33px\" ><span\n\t\t\tclass=\"vc_empty_space_inner\">\n\t\t\t<span class=\"empty_space_image\"  ><\/span>\n\t\t<\/span><\/div>\n\n<a  itemprop=\"url\" href=\"\/galeria\" target=\"_self\" data-hover-background-color='#2a6694'  class=\"qbutton  default\" style=\"background-color: rgba(255,255,255,0.01);\">Galeria<\/a>\t<div class=\"vc_empty_space\"  style=\"height: 30px\" ><span\n\t\t\tclass=\"vc_empty_space_inner\">\n\t\t\t<span class=\"empty_space_image\"  ><\/span>\n\t\t<\/span><\/div>\n\n<\/div><\/div><\/div><\/div><\/div><\/div><\/div><\/div><\/div><\/div>\n<\/div>","protected":false},"excerpt":{"rendered":"La Casa Blava Dies\u00a0inoblidables La situaci\u00f3 privilegiada de\u00a0La Marinada\u00a0ens permet gaudir de m\u00faltiples opcions pels seus voltants. Podem descobrir els secrets del litoral o aprendre a fer nusos mariners.... Tamb\u00e9 els adults tenim el dret d\u2019experimentar com els nens !!! Veniu i gaudireu de l\u2019esperit...","protected":false},"author":1,"featured_media":0,"parent":0,"menu_order":0,"comment_status":"closed","ping_status":"closed","template":"full_width.php","meta":{"footnotes":""},"class_list":["post-245","page","type-page","status-publish","hentry"],"yoast_head":"<!-- This site is optimized with the Yoast SEO plugin v27.6 - https:\/\/yoast.com\/product\/yoast-seo-wordpress\/ -->\n<title>Les nostres propostes - La Marinada - Escola de la Mar<\/title>\n<meta name=\"robots\" content=\"index, follow, max-snippet:-1, max-image-preview:large, max-video-preview:-1\" \/>\n<link rel=\"canonical\" href=\"https:\/\/www.lamarinada.com\/es\/les-nostres-propostes\/\" \/>\n<meta property=\"og:locale\" content=\"es_ES\" \/>\n<meta property=\"og:type\" content=\"article\" \/>\n<meta property=\"og:title\" content=\"Les nostres propostes - La Marinada - Escola de la Mar\" \/>\n<meta property=\"og:url\" content=\"https:\/\/www.lamarinada.com\/es\/les-nostres-propostes\/\" \/>\n<meta property=\"og:site_name\" content=\"La Marinada - Escola de la Mar\" \/>\n<meta property=\"article:modified_time\" content=\"2019-10-17T11:39:35+00:00\" \/>\n<meta name=\"twitter:card\" content=\"summary_large_image\" \/>\n<meta name=\"twitter:label1\" content=\"Tiempo de lectura\" \/>\n\t<meta name=\"twitter:data1\" content=\"4 minutos\" \/>\n<script type=\"application\/ld+json\" class=\"yoast-schema-graph\">{\"@context\":\"https:\\\/\\\/schema.org\",\"@graph\":[{\"@type\":\"WebPage\",\"@id\":\"https:\\\/\\\/www.lamarinada.com\\\/les-nostres-propostes\\\/\",\"url\":\"https:\\\/\\\/www.lamarinada.com\\\/les-nostres-propostes\\\/\",\"name\":\"Les nostres propostes - La Marinada - Escola de la Mar\",\"isPartOf\":{\"@id\":\"https:\\\/\\\/www.lamarinada.com\\\/#website\"},\"datePublished\":\"2019-10-11T13:19:28+00:00\",\"dateModified\":\"2019-10-17T11:39:35+00:00\",\"breadcrumb\":{\"@id\":\"https:\\\/\\\/www.lamarinada.com\\\/les-nostres-propostes\\\/#breadcrumb\"},\"inLanguage\":\"es\",\"potentialAction\":[{\"@type\":\"ReadAction\",\"target\":[\"https:\\\/\\\/www.lamarinada.com\\\/les-nostres-propostes\\\/\"]}]},{\"@type\":\"BreadcrumbList\",\"@id\":\"https:\\\/\\\/www.lamarinada.com\\\/les-nostres-propostes\\\/#breadcrumb\",\"itemListElement\":[{\"@type\":\"ListItem\",\"position\":1,\"name\":\"Inici\",\"item\":\"https:\\\/\\\/www.lamarinada.com\\\/\"},{\"@type\":\"ListItem\",\"position\":2,\"name\":\"Les nostres propostes\"}]},{\"@type\":\"WebSite\",\"@id\":\"https:\\\/\\\/www.lamarinada.com\\\/#website\",\"url\":\"https:\\\/\\\/www.lamarinada.com\\\/\",\"name\":\"La Marinada - Escola de la Mar\",\"description\":\"Casa de Colonies\",\"potentialAction\":[{\"@type\":\"SearchAction\",\"target\":{\"@type\":\"EntryPoint\",\"urlTemplate\":\"https:\\\/\\\/www.lamarinada.com\\\/?s={search_term_string}\"},\"query-input\":{\"@type\":\"PropertyValueSpecification\",\"valueRequired\":true,\"valueName\":\"search_term_string\"}}],\"inLanguage\":\"es\"}]}<\/script>\n<!-- \/ Yoast SEO plugin. -->","yoast_head_json":{"title":"Les nostres propostes - La Marinada - Escola de la Mar","robots":{"index":"index","follow":"follow","max-snippet":"max-snippet:-1","max-image-preview":"max-image-preview:large","max-video-preview":"max-video-preview:-1"},"canonical":"https:\/\/www.lamarinada.com\/es\/les-nostres-propostes\/","og_locale":"es_ES","og_type":"article","og_title":"Les nostres propostes - La Marinada - Escola de la Mar","og_url":"https:\/\/www.lamarinada.com\/es\/les-nostres-propostes\/","og_site_name":"La Marinada - Escola de la Mar","article_modified_time":"2019-10-17T11:39:35+00:00","twitter_card":"summary_large_image","twitter_misc":{"Tiempo de lectura":"4 minutos"},"schema":{"@context":"https:\/\/schema.org","@graph":[{"@type":"WebPage","@id":"https:\/\/www.lamarinada.com\/les-nostres-propostes\/","url":"https:\/\/www.lamarinada.com\/les-nostres-propostes\/","name":"Les nostres propostes - La Marinada - Escola de la Mar","isPartOf":{"@id":"https:\/\/www.lamarinada.com\/#website"},"datePublished":"2019-10-11T13:19:28+00:00","dateModified":"2019-10-17T11:39:35+00:00","breadcrumb":{"@id":"https:\/\/www.lamarinada.com\/les-nostres-propostes\/#breadcrumb"},"inLanguage":"es","potentialAction":[{"@type":"ReadAction","target":["https:\/\/www.lamarinada.com\/les-nostres-propostes\/"]}]},{"@type":"BreadcrumbList","@id":"https:\/\/www.lamarinada.com\/les-nostres-propostes\/#breadcrumb","itemListElement":[{"@type":"ListItem","position":1,"name":"Inici","item":"https:\/\/www.lamarinada.com\/"},{"@type":"ListItem","position":2,"name":"Les nostres propostes"}]},{"@type":"WebSite","@id":"https:\/\/www.lamarinada.com\/#website","url":"https:\/\/www.lamarinada.com\/","name":"La Marinada - Escola de la Mar","description":"Casa de Colonies","potentialAction":[{"@type":"SearchAction","target":{"@type":"EntryPoint","urlTemplate":"https:\/\/www.lamarinada.com\/?s={search_term_string}"},"query-input":{"@type":"PropertyValueSpecification","valueRequired":true,"valueName":"search_term_string"}}],"inLanguage":"es"}]}},"_links":{"self":[{"href":"https:\/\/www.lamarinada.com\/es\/wp-json\/wp\/v2\/pages\/245","targetHints":{"allow":["GET"]}}],"collection":[{"href":"https:\/\/www.lamarinada.com\/es\/wp-json\/wp\/v2\/pages"}],"about":[{"href":"https:\/\/www.lamarinada.com\/es\/wp-json\/wp\/v2\/types\/page"}],"author":[{"embeddable":true,"href":"https:\/\/www.lamarinada.com\/es\/wp-json\/wp\/v2\/users\/1"}],"replies":[{"embeddable":true,"href":"https:\/\/www.lamarinada.com\/es\/wp-json\/wp\/v2\/comments?post=245"}],"version-history":[{"count":0,"href":"https:\/\/www.lamarinada.com\/es\/wp-json\/wp\/v2\/pages\/245\/revisions"}],"wp:attachment":[{"href":"https:\/\/www.lamarinada.com\/es\/wp-json\/wp\/v2\/media?parent=245"}],"curies":[{"name":"wp","href":"https:\/\/api.w.org\/{rel}","templated":true}]}}