{"id":359,"date":"2019-10-17T10:33:03","date_gmt":"2019-10-17T08:33:03","guid":{"rendered":"https:\/\/www.lamarinada.com\/aviso-legal\/"},"modified":"2025-10-06T10:02:33","modified_gmt":"2025-10-06T08:02:33","slug":"avis-legal","status":"publish","type":"page","link":"https:\/\/www.lamarinada.com\/es\/avis-legal\/","title":{"rendered":"Aviso legal"},"content":{"rendered":"<h2>Identificaci\u00f3n y Titularidad<\/h2>\n<p>En cumplimiento del art\u00edculo 10 de la Ley 34\/2002, de 11 de julio, de Servicios de la Sociedad de la Informaci\u00f3n y de Comercio Electr\u00f3nico, el Titular expone sus datos de identificaci\u00f3n:<\/p>\n<ul>\n<li><b>Titular:<\/b> POLINURUS, SL<\/li>\n<li><b>NIF:<\/b> B60863297<\/li>\n<li><b>Direcci\u00f3n:<\/b> C\u00f3rcega, 429-3r-2a, 08037 Barcelona, Espa\u00f1a<\/li>\n<li><b>Correo electr\u00f3nico:<\/b> central@lamarinada.com<\/li>\n<li><b>Tel\u00e9fono:<\/b> 977 79 46 80<\/li>\n<li><b>P\u00e1gina web:<\/b> <a href=\"https:\/\/www.lamarinada.com\/es\/\">https:\/\/www.lamarinada.com<\/a><\/li>\n<\/ul>\n<h2>Prop\u00f3sito<\/h2>\n<p>El prop\u00f3sito de este sitio es proporcionar servicios de hosting y actividades relacionadas.<\/p>\n<h2>T\u00e9rminos de uso<\/h2>\n<p>El uso de la p\u00e1gina web le atribuye la condici\u00f3n de Usuario e implica la aceptaci\u00f3n plena y sin reservas de todos los t\u00e9rminos y condiciones de uso que se encuentran en las siguientes p\u00e1ginas:<\/p>\n<ul>\n<li><a href=\"https:\/\/www.lamarinada.com\/es\/aviso-legal\/\">Aviso legal<\/a><\/li>\n<li><a href=\"https:\/\/www.lamarinada.com\/es\/politica-de-privacidad\/\">Pol\u00edtica de privacidad<\/a><\/li>\n<li><a href=\"https:\/\/www.lamarinada.com\/es\/politica-de-cookies\/\">Pol\u00edtica de Cookies<\/a><\/li>\n<\/ul>\n<p>Si usted no est\u00e1 de acuerdo con todos estos t\u00e9rminos y condiciones, deber\u00e1 abstenerse de utilizar este sitio web.<\/p>\n<p>El acceso al sitio web no implica, en ning\u00fan caso, el inicio de una relaci\u00f3n comercial con el Propietario.<\/p>\n<p>A trav\u00e9s de la p\u00e1gina web, el Titular facilita el acceso y la utilizaci\u00f3n de diversos servicios y contenidos publicados en Internet por el Propietario del mismo o por sus colegas.<\/p>\n<p>A este efecto, el Usuario se compromete a NO utilizar cualquiera de los contenidos del sitio web con fines o efectos il\u00edcitos, prohibidos en el presente Aviso Legal o por la legislaci\u00f3n vigente, o para llevar a cabo acciones que puedan violar los derechos e intereses de terceros o que pudiera da\u00f1ar, deshabilitar, sobrecargar o deteriorar el normal funcionamiento del sitio web, de los equipos o de los documentos y archivos de el Propietario o de terceros.<\/p>\n<h2>Medidas de seguridad<\/h2>\n<p>Los datos personales facilitados podr\u00e1n ser almacenados en bases de datos automatizadas o no, es de la exclusiva propiedad de el Titular, que proporciona todas las medidas t\u00e9cnicas, organizativas y de seguridad necesarias para garantizar la confidencialidad, la integridad y la calidad de la informaci\u00f3n, de acuerdo con la normativa vigente en materia de protecci\u00f3n de datos de car\u00e1cter personal.<\/p>\n<p>Sin embargo, debe tenerse en cuenta que las medidas de seguridad de los sistemas inform\u00e1ticos en Internet no son totalmente a prueba de tontos, y el Propietario no puede garantizar que no hay en absoluto ninguna de virus u otros elementos que pudieran producir alteraciones en los sistemas inform\u00e1ticos (software y hardware) del Usuario o en sus documentos electr\u00f3nicos, aunque adopta todas las medidas necesarias para evitarlo.<\/p>\n<h2>El tratamiento de los datos personales<\/h2>\n<p>Puedes consultar toda la informaci\u00f3n relativa al tratamiento de datos personales llevado a cabo por el Titular de la p\u00e1gina <a href=\"https:\/\/www.lamarinada.com\/es\/politica-de-privacidad\/\">Pol\u00edtica de privacidad<\/a>.<\/p>\n<h2>Contenido<\/h2>\n<p>El Titular ha obtenido la informaci\u00f3n, contenido multimedia y los materiales en este sitio web de fuentes consideradas como fiables. Sin embargo, a pesar de haber adoptado todas las medidas razonables para asegurar que la informaci\u00f3n es correcta, el Titular no puede garantizar que sea exacta, completa, o actualizada, y expresamente renuncia a toda responsabilidad por errores u omisiones.<\/p>\n<p>Est\u00e1 prohibido transmitir o enviar a trav\u00e9s de la web cualquier contenido ilegal, de virus inform\u00e1ticos, o mensajes que, afecten o violen derechos de el Titular o de terceros.<\/p>\n<p>El contenido de el sitio web son s\u00f3lo para fines informativos y, en cualquier caso, constituyen una oferta vinculante, una solicitud de oferta o recomendaci\u00f3n para llevar a cabo las operaciones, a menos que se indique expresamente.<\/p>\n<p>El Propietario se reserva el derecho a modificar, suspender, cancelar o restringir el contenido, los v\u00ednculos o la informaci\u00f3n obtenida a trav\u00e9s de la web sin previo aviso.<\/p>\n<p>El Propietario no se hace responsable de los da\u00f1os o perjuicios que se deriven del uso de la informaci\u00f3n publicada.<\/p>\n<h2>Pol\u00edtica de Cookies<\/h2>\n<p>Puedes consultar toda la informaci\u00f3n relativa a la recogida y tratamiento de cookies de la p\u00e1gina <a href=\"https:\/\/www.lamarinada.com\/es\/politica-de-cookies\/\">Pol\u00edtica de Cookies<\/a>.<\/p>\n<h2>Enlaces a otros sitios web<\/h2>\n<p>El Propietario puede proporcionar enlaces a sitios web de terceros para la exclusiva finalidad de proporcionar informaci\u00f3n sobre la existencia de otras fuentes de informaci\u00f3n en Internet que puede ampliar los datos de la p\u00e1gina web.<\/p>\n<p>Estos enlaces no implican que cualquier sugerencia o recomendaci\u00f3n para la visita de ellos, y el Propietario no es responsable del contenido de los sitios web enlazados o los resultados que surjan de su acceso. Ni es responsable de los enlaces o links contenidos en sus propios sitios web de terceros.<\/p>\n<p>El establecimiento de un hiperenlace no implica, en ning\u00fan caso, la existencia de una relaci\u00f3n entre el titular y el Propietario del sitio web enlazado, ni la aceptaci\u00f3n o aprobaci\u00f3n de sus contenidos o servicios.<\/p>\n<p>Si usted accede a un sitio web externo a trav\u00e9s de un enlace desde este sitio, usted debe leer su propia pol\u00edtica de privacidad, que pueden diferir de este sitio web.<\/p>\n<h2>Propiedad intelectual e industrial<\/h2>\n<p>Todos los derechos est\u00e1n reservados.<\/p>\n<p>El acceso a este sitio web est\u00e1 sujeto a las siguientes condiciones: la reproducci\u00f3n, el almacenamiento permanente y la difusi\u00f3n de los contenidos, as\u00ed como de cualquier uso p\u00fablico o comercial, est\u00e1 estrictamente prohibida sin el previo consentimiento por escrito del Propietario.<\/p>\n<h2>Limitaci\u00f3n de responsabilidad<\/h2>\n<p>El Titular declina cualquier responsabilidad en caso de interrupciones, errores o mal funcionamiento de los servicios o contenidos ofrecidos en Internet, cualquiera que sea su causa. Asimismo, no es responsable por ca\u00eddas de la red, p\u00e9rdidas de negocio a consecuencia de estos interrupciones temporales del suministro de electricidad o de cualquier otro tipo de da\u00f1o indirecto causado por circunstancias fuera del control del Propietario.<\/p>\n<p>Antes de tomar decisiones o acciones basadas en la informaci\u00f3n contenida en el sitio web, se recomienda comparar con otras fuentes.<\/p>\n<h2>Jurisdicci\u00f3n<\/h2>\n<p>El presente Aviso Legal se rige \u00edntegramente por la legislaci\u00f3n espa\u00f1ola. Cualquier controversia que pudiera derivarse del acceso o uso del sitio web se someter\u00e1 a los juzgados y tribunales competentes de la ciudad de Barcelona.<\/p>\n<h2>Contacto<\/h2>\n<p>Si usted tiene cualquier duda acerca de este Aviso Legal, o si desea hacer algunos comentarios sobre este sitio web, usted puede enviar un e-mail a: <a href=\"mailto:central@lamarinada.com\">central@lamarinada.com<\/a><\/p>","protected":false},"excerpt":{"rendered":"<p>Identificaci\u00f3 i Titularitat En compliment de l\u2019article 10 de la Llei 34\/2002, d\u201911 de juliol, de Serveis de la Societat de la Informaci\u00f3 i de Comer\u00e7 Electr\u00f2nic, el Titular exposa les seves dades identificatives: Titular: POLINURUS, S.L. NIF: B60863297 Domicili: C\u00f2rsega, 429-3r-2a, 08037 Barcelona, Espanya&#8230;<\/p>","protected":false},"author":1,"featured_media":0,"parent":0,"menu_order":0,"comment_status":"closed","ping_status":"closed","template":"","meta":{"footnotes":""},"class_list":["post-359","page","type-page","status-publish","hentry"],"yoast_head":"<!-- This site is optimized with the Yoast SEO plugin v27.4 - https:\/\/yoast.com\/product\/yoast-seo-wordpress\/ -->\n<title>Av\u00eds legal - La Marinada - Escola de la Mar<\/title>\n<meta name=\"robots\" content=\"noindex, nofollow\" \/>\n<meta property=\"og:locale\" content=\"es_ES\" \/>\n<meta property=\"og:type\" content=\"article\" \/>\n<meta property=\"og:title\" content=\"Av\u00eds legal - La Marinada - Escola de la Mar\" \/>\n<meta property=\"og:description\" content=\"Identificaci\u00f3 i Titularitat En compliment de l\u2019article 10 de la Llei 34\/2002, d\u201911 de juliol, de Serveis de la Societat de la Informaci\u00f3 i de Comer\u00e7 Electr\u00f2nic, el Titular exposa les seves dades identificatives: Titular: POLINURUS, S.L. NIF: B60863297 Domicili: C\u00f2rsega, 429-3r-2a, 08037 Barcelona, Espanya...\" \/>\n<meta property=\"og:url\" content=\"https:\/\/www.lamarinada.com\/es\/avis-legal\/\" \/>\n<meta property=\"og:site_name\" content=\"La Marinada - Escola de la Mar\" \/>\n<meta property=\"article:modified_time\" content=\"2025-10-06T08:02:33+00:00\" \/>\n<meta name=\"twitter:card\" content=\"summary_large_image\" \/>\n<meta name=\"twitter:label1\" content=\"Tiempo de lectura\" \/>\n\t<meta name=\"twitter:data1\" content=\"5 minutos\" \/>\n<script type=\"application\/ld+json\" class=\"yoast-schema-graph\">{\"@context\":\"https:\\\/\\\/schema.org\",\"@graph\":[{\"@type\":\"WebPage\",\"@id\":\"https:\\\/\\\/www.lamarinada.com\\\/avis-legal\\\/\",\"url\":\"https:\\\/\\\/www.lamarinada.com\\\/avis-legal\\\/\",\"name\":\"Av\u00eds legal - La Marinada - Escola de la Mar\",\"isPartOf\":{\"@id\":\"https:\\\/\\\/www.lamarinada.com\\\/#website\"},\"datePublished\":\"2019-10-17T08:33:03+00:00\",\"dateModified\":\"2025-10-06T08:02:33+00:00\",\"breadcrumb\":{\"@id\":\"https:\\\/\\\/www.lamarinada.com\\\/avis-legal\\\/#breadcrumb\"},\"inLanguage\":\"es\",\"potentialAction\":[{\"@type\":\"ReadAction\",\"target\":[\"https:\\\/\\\/www.lamarinada.com\\\/avis-legal\\\/\"]}]},{\"@type\":\"BreadcrumbList\",\"@id\":\"https:\\\/\\\/www.lamarinada.com\\\/avis-legal\\\/#breadcrumb\",\"itemListElement\":[{\"@type\":\"ListItem\",\"position\":1,\"name\":\"Inici\",\"item\":\"https:\\\/\\\/www.lamarinada.com\\\/\"},{\"@type\":\"ListItem\",\"position\":2,\"name\":\"Av\u00eds legal\"}]},{\"@type\":\"WebSite\",\"@id\":\"https:\\\/\\\/www.lamarinada.com\\\/#website\",\"url\":\"https:\\\/\\\/www.lamarinada.com\\\/\",\"name\":\"La Marinada - Escola de la Mar\",\"description\":\"Casa de Colonies\",\"potentialAction\":[{\"@type\":\"SearchAction\",\"target\":{\"@type\":\"EntryPoint\",\"urlTemplate\":\"https:\\\/\\\/www.lamarinada.com\\\/?s={search_term_string}\"},\"query-input\":{\"@type\":\"PropertyValueSpecification\",\"valueRequired\":true,\"valueName\":\"search_term_string\"}}],\"inLanguage\":\"es\"}]}<\/script>\n<!-- \/ Yoast SEO plugin. -->","yoast_head_json":{"title":"Av\u00eds legal - La Marinada - Escola de la Mar","robots":{"index":"noindex","follow":"nofollow"},"og_locale":"es_ES","og_type":"article","og_title":"Av\u00eds legal - La Marinada - Escola de la Mar","og_description":"Identificaci\u00f3 i Titularitat En compliment de l\u2019article 10 de la Llei 34\/2002, d\u201911 de juliol, de Serveis de la Societat de la Informaci\u00f3 i de Comer\u00e7 Electr\u00f2nic, el Titular exposa les seves dades identificatives: Titular: POLINURUS, S.L. NIF: B60863297 Domicili: C\u00f2rsega, 429-3r-2a, 08037 Barcelona, Espanya...","og_url":"https:\/\/www.lamarinada.com\/es\/avis-legal\/","og_site_name":"La Marinada - Escola de la Mar","article_modified_time":"2025-10-06T08:02:33+00:00","twitter_card":"summary_large_image","twitter_misc":{"Tiempo de lectura":"5 minutos"},"schema":{"@context":"https:\/\/schema.org","@graph":[{"@type":"WebPage","@id":"https:\/\/www.lamarinada.com\/avis-legal\/","url":"https:\/\/www.lamarinada.com\/avis-legal\/","name":"Av\u00eds legal - La Marinada - Escola de la Mar","isPartOf":{"@id":"https:\/\/www.lamarinada.com\/#website"},"datePublished":"2019-10-17T08:33:03+00:00","dateModified":"2025-10-06T08:02:33+00:00","breadcrumb":{"@id":"https:\/\/www.lamarinada.com\/avis-legal\/#breadcrumb"},"inLanguage":"es","potentialAction":[{"@type":"ReadAction","target":["https:\/\/www.lamarinada.com\/avis-legal\/"]}]},{"@type":"BreadcrumbList","@id":"https:\/\/www.lamarinada.com\/avis-legal\/#breadcrumb","itemListElement":[{"@type":"ListItem","position":1,"name":"Inici","item":"https:\/\/www.lamarinada.com\/"},{"@type":"ListItem","position":2,"name":"Av\u00eds legal"}]},{"@type":"WebSite","@id":"https:\/\/www.lamarinada.com\/#website","url":"https:\/\/www.lamarinada.com\/","name":"La Marinada - Escola de la Mar","description":"Casa de Colonies","potentialAction":[{"@type":"SearchAction","target":{"@type":"EntryPoint","urlTemplate":"https:\/\/www.lamarinada.com\/?s={search_term_string}"},"query-input":{"@type":"PropertyValueSpecification","valueRequired":true,"valueName":"search_term_string"}}],"inLanguage":"es"}]}},"_links":{"self":[{"href":"https:\/\/www.lamarinada.com\/es\/wp-json\/wp\/v2\/pages\/359","targetHints":{"allow":["GET"]}}],"collection":[{"href":"https:\/\/www.lamarinada.com\/es\/wp-json\/wp\/v2\/pages"}],"about":[{"href":"https:\/\/www.lamarinada.com\/es\/wp-json\/wp\/v2\/types\/page"}],"author":[{"embeddable":true,"href":"https:\/\/www.lamarinada.com\/es\/wp-json\/wp\/v2\/users\/1"}],"replies":[{"embeddable":true,"href":"https:\/\/www.lamarinada.com\/es\/wp-json\/wp\/v2\/comments?post=359"}],"version-history":[{"count":6,"href":"https:\/\/www.lamarinada.com\/es\/wp-json\/wp\/v2\/pages\/359\/revisions"}],"predecessor-version":[{"id":520,"href":"https:\/\/www.lamarinada.com\/es\/wp-json\/wp\/v2\/pages\/359\/revisions\/520"}],"wp:attachment":[{"href":"https:\/\/www.lamarinada.com\/es\/wp-json\/wp\/v2\/media?parent=359"}],"curies":[{"name":"wp","href":"https:\/\/api.w.org\/{rel}","templated":true}]}}