{"id":360,"date":"2019-10-17T10:33:03","date_gmt":"2019-10-17T08:33:03","guid":{"rendered":"https:\/\/www.lamarinada.com\/politica-de-privacidad\/"},"modified":"2025-10-06T09:47:29","modified_gmt":"2025-10-06T07:47:29","slug":"politica-de-privacitat","status":"publish","type":"page","link":"https:\/\/www.lamarinada.com\/es\/politica-de-privacitat\/","title":{"rendered":"Pol\u00edtica de Privacidad"},"content":{"rendered":"<h2>Pol\u00edtica de privacidad<\/h2>\n<p>El Propietario le informa acerca de su Pol\u00edtica de Privacidad sobre el tratamiento y protecci\u00f3n de los datos personales de los usuarios que pueden ser recabados durante la navegaci\u00f3n por el sitio web:<br \/>\n<a href=\"https:\/\/www.lamarinada.com\/es\/politica-de-privacidad\/\">https:\/\/www.lamarinada.com<\/a><\/p>\n<p>En este sentido, el Titular garantiza el cumplimiento de la normativa vigente en materia de protecci\u00f3n de datos de car\u00e1cter personal, que se refleja en la Ley Org\u00e1nica 3\/2018, de 5 de diciembre, de Protecci\u00f3n de Datos Personales y la garant\u00eda de los derechos digitales (LOPDGDD).<br \/>\nAdem\u00e1s, cumple con el Reglamento (UE) 2016\/679 del Parlamento Europeo y del Consejo, de 27 de abril de 2016, relativa a la protecci\u00f3n de las personas f\u00edsicas (RGPD).<\/p>\n<p>El uso de este sitio web constituye la aceptaci\u00f3n de esta Pol\u00edtica de Privacidad, as\u00ed como de las condiciones incluidas en el<a href=\"https:\/\/www.lamarinada.com\/es\/aviso-legal\/\">Aviso legal<\/a>.<\/p>\n<h2>La identidad de la persona responsable de<\/h2>\n<ul>\n<li><b>Responsable de:<\/b> POLINURUS, SL<\/li>\n<li><b>NIF:<\/b> B60863297<\/li>\n<li><b>Direcci\u00f3n:<\/b> C\u00f3rcega, 429-3r-2a, 08037 Barcelona (Espa\u00f1a)<\/li>\n<li><b>Correo electr\u00f3nico:<\/b> central@lamarinada.com<\/li>\n<li><b>Tel\u00e9fono:<\/b> 977 79 46 80<\/li>\n<li><b>P\u00e1gina web:<\/b> <a href=\"https:\/\/www.lamarinada.com\/es\/politica-de-privacidad\/\">https:\/\/www.lamarinada.com<\/a><\/li>\n<\/ul>\n<h2>Principios aplicados para el tratamiento de los datos<\/h2>\n<p>En el tratamiento de los datos personales, el Titular deber\u00e1 aplicar los siguientes principios, de conformidad con los requisitos de la RGPD:<\/p>\n<ul>\n<li><b>El principio de legalidad, lealtad y transparencia:<\/b> el Propietario siempre requerir\u00e1 de su consentimiento para el tratamiento de datos personales, que pueden ser para uno o m\u00e1s prop\u00f3sitos espec\u00edficos, informando a los usuarios con total transparencia.<\/li>\n<li><b>Principio de minimizaci\u00f3n de datos:<\/b> s\u00f3lo se necesitan los datos estrictamente necesarios para el fin o los fines espec\u00edficos.<\/li>\n<li><b>Principio de limitaci\u00f3n de la duraci\u00f3n de conservaci\u00f3n:<\/b> los datos s\u00f3lo se conservar\u00e1n durante el tiempo necesario para cumplir la finalidad del tratamiento. En el caso de las suscripciones o los contactos inactivos durante un per\u00edodo de tiempo prolongado, se proceder\u00e1 a su eliminaci\u00f3n.<\/li>\n<li><b>Principio de integridad y confidencialidad:<\/b> los datos ser\u00e1n tratados para garantizar la seguridad, confidencialidad e integridad. El Propietario toma las medidas t\u00e9cnicas y organizativas adecuadas para evitar el acceso no autorizado o uso indebido.<\/li>\n<\/ul>\n<h2>Obtenci\u00f3n de los datos personales<\/h2>\n<p>Para navegar por el sitio web no necesita suministrar ning\u00fan dato personal.<\/p>\n<p>S\u00f3lo recoger datos de car\u00e1cter personal en los siguientes casos:<\/p>\n<ul>\n<li>Cuando los contactos a trav\u00e9s de los formularios de la p\u00e1gina web o enviar un correo electr\u00f3nico al Propietario.<\/li>\n<\/ul>\n<h2>Derechos del usuario<\/h2>\n<p>Sobre sus datos personales, usted tiene el derecho a:<\/p>\n<ul>\n<li>Solicitud de acceso.<\/li>\n<li>Solicitar la rectificaci\u00f3n o supresi\u00f3n.<\/li>\n<li>Solicitar la limitaci\u00f3n de su tratamiento.<\/li>\n<li>Se oponen a-t\u00e9 tratar.<\/li>\n<li>Solicitar la portabilidad de sus datos.<\/li>\n<\/ul>\n<p>El ejercicio de estos derechos es personal y debe ser realizada directamente por el interesado, por medio de una solicitud dirigida a la Titular de la direcci\u00f3n <a href=\"mailto:central@lamarinada.com\">central@lamarinada.com<\/a>, adjuntando copia de su dni o documento equivalente.<\/p>\n<p>El ejercicio de estos derechos no incluyen los datos que el Titular est\u00e1 obligado a conservar por razones legales, administrativas o de seguridad.<\/p>\n<p>Usted tiene el derecho a la tutela judicial efectiva y presentar una queja ante la autoridad de control \u2014<a href=\"https:\/\/www.aepd.es\">Agencia espa\u00f1ola de Protecci\u00f3n de Datos (AEPD)<\/a>\u2014 si usted considera que el tratamiento de datos de car\u00e1cter personal que viole la ley.<\/p>\n<h2>Finalidad del tratamiento de los datos personales<\/h2>\n<p>Cuando usted lo est\u00e1 haciendo en el sitio web para enviar un mensaje o forma, proporcionar cualquier informaci\u00f3n personal a la que el responsable es el Propietario. Esta informaci\u00f3n puede incluir datos tales como su nombre y apellidos, e-mail, tel\u00e9fono, direcci\u00f3n IP u otra informaci\u00f3n de identificaci\u00f3n. En la prestaci\u00f3n de estos datos, las mujeres su consentimiento para que sean tratados como se indica en esta Pol\u00edtica.<\/p>\n<p>El procesamiento de los datos para los siguientes fines:<\/p>\n<ul>\n<li><b>Formas de contacto:<\/b> responder a las consultas, solicitudes, comentarios o incidentes enviados por los usuarios. Tambi\u00e9n para proporcionar informaci\u00f3n relacionada a los servicios de POLINURUS, SL<\/li>\n<li><b>Cumplimiento Legal:<\/b> asegurar el cumplimiento con las obligaciones legales y contractuales que se deriven del uso del sitio web o de los servicios que se ofrecen.<\/li>\n<li><b>Mejora del servicio:<\/b> analizar el uso del sitio web con el fin de mejorar el funcionamiento y la calidad de los contenidos.<\/li>\n<li><b>El an\u00e1lisis de navegaci\u00f3n:<\/b> el sitio web puede utilizar cookies para analizar sus h\u00e1bitos de navegaci\u00f3n, como se explica en el <a href=\"https:\/\/www.lamarinada.com\/es\/politica-de-cookies\/\">Pol\u00edtica de Cookies<\/a>.<\/li>\n<\/ul>\n<h2>Seguridad de los datos personales<\/h2>\n<p>El Titular ha adoptado todas las medidas t\u00e9cnicas y organizativas razonables para garantizar la seguridad de sus datos personales y evitar la p\u00e9rdida, mal uso, acceso no autorizado o la destrucci\u00f3n.<\/p>\n<p>El sitio web est\u00e1 alojado en Ionos de un proveedor que cumple con las normas europeas de seguridad y protecci\u00f3n de datos. Usted puede consultar su pol\u00edtica de privacidad para m\u00e1s informaci\u00f3n.<\/p>\n<p>Los datos no ser\u00e1n cedidos a terceros, salvo obligaci\u00f3n legal o cuando sea necesario para la prestaci\u00f3n de un servicio, en este caso con un contrato de encargado del tratamiento, debidamente firmado.<\/p>\n<p>En el caso de colaboraciones con otros profesionales, siempre se requiere el previo consentimiento del Usuario, se le informa de la identidad del colaborador y el prop\u00f3sito de la tarea.<\/p>\n<h2>El contenido de otros sitios web<\/h2>\n<p>Las p\u00e1ginas de este sitio web puede incluir contenido (videos, im\u00e1genes, art\u00edculos, etc.). Este contenido se comporta de la misma manera que si el Usuario visita directamente el otro sitio web, que puede recoger datos, el uso de las cookies o para aplicar sistemas de seguimiento de terceros.<\/p>\n<h2>Pol\u00edtica de Cookies<\/h2>\n<p>Para el correcto funcionamiento de la web, utilizamos \"cookies\", peque\u00f1os ficheros de datos que se almacenan en su navegador. Usted puede comprobar todos los detalles en la <a href=\"https:\/\/www.lamarinada.com\/es\/politica-de-cookies\/\">Pol\u00edtica de Cookies<\/a>.<\/p>\n<h2>La legitimaci\u00f3n para el tratamiento de datos<\/h2>\n<p>La base jur\u00eddica para el tratamiento de los datos es con el consentimiento expreso de la persona interesada.<\/p>\n<h2>Categor\u00edas de datos de car\u00e1cter personal<\/h2>\n<p>Las categor\u00edas de datos personales del Titular son:<\/p>\n<ul>\n<li>Datos de identificaci\u00f3n (nombre, apellidos, e-mail, tel\u00e9fono).<\/li>\n<li>No se ocupa de las categor\u00edas especiales de datos (tales como la ideolog\u00eda, la salud o creencias religiosas).<\/li>\n<\/ul>\n<h2>Conservaci\u00f3n de los datos personales<\/h2>\n<p>Los datos personales se conservar\u00e1n durante el tiempo necesario para cumplir la finalidad para la que fueron recogidos o para siempre, ya que hay una relaci\u00f3n comercial o de comunicaci\u00f3n activa con el Usuario. Una vez que este per\u00edodo ser\u00e1 eliminado de manera segura.<\/p>\n<h2>La navegaci\u00f3n Web<\/h2>\n<p>Durante la navegaci\u00f3n por el sitio web, usted puede recoger los datos de los que no se identifican como direcci\u00f3n IP, ubicaci\u00f3n geogr\u00e1fica, h\u00e1bitos de navegaci\u00f3n o de las estad\u00edsticas de uso. Estos datos sirven exclusivamente para analizar tendencias y mejorar el funcionamiento del sitio.<\/p>\n<h2>La precisi\u00f3n y exactitud de los datos<\/h2>\n<p>Como Usuario, usted es el \u00fanico responsable de la veracidad, exactitud y actualizaci\u00f3n de los datos proporcionados para el Titular, que est\u00e1 exenta de cualquier responsabilidad derivada de errores u omisiones en esta informaci\u00f3n.<\/p>\n<h2>Aceptaci\u00f3n y consentimiento<\/h2>\n<p>Mediante el uso de este sitio web, declara haber sido informado sobre los t\u00e9rminos y condiciones relativos a la protecci\u00f3n de datos de car\u00e1cter personal y acepta y consiente el tratamiento por parte del Titular en la forma y para las finalidades indicadas.<\/p>\n<p>Para poder contactar con el Propietario, suscribirse o enviar cualquier comunicaci\u00f3n a trav\u00e9s de la p\u00e1gina web, es necesario que usted acepta esta Pol\u00edtica de Privacidad.<\/p>\n<h2>Los cambios en la Pol\u00edtica de Privacidad<\/h2>\n<p>El Propietario se reserva el derecho a modificar la presente Pol\u00edtica de Privacidad para adaptarla a novedades legislativas o jurisprudenciales as\u00ed como a pr\u00e1cticas de la industria.<br \/>\nLa nueva pol\u00edtica ser\u00e1 publicada en este sitio web y entrar\u00e1 en vigor desde el momento de su publicaci\u00f3n.<\/p>","protected":false},"excerpt":{"rendered":"<p>Pol\u00edtica de privacitat El Titular t\u2019informa sobre la seva Pol\u00edtica de Privacitat pel que fa al tractament i protecci\u00f3 de les dades de car\u00e0cter personal dels usuaris que puguin ser recollides durant la navegaci\u00f3 pel lloc web: https:\/\/www.lamarinada.com En aquest sentit, el Titular garanteix el&#8230;<\/p>","protected":false},"author":1,"featured_media":0,"parent":0,"menu_order":0,"comment_status":"closed","ping_status":"closed","template":"","meta":{"footnotes":""},"class_list":["post-360","page","type-page","status-publish","hentry"],"yoast_head":"<!-- This site is optimized with the Yoast SEO plugin v27.4 - https:\/\/yoast.com\/product\/yoast-seo-wordpress\/ -->\n<title>Pol\u00edtica de Privacitat - La Marinada - Escola de la Mar<\/title>\n<meta name=\"robots\" content=\"index, follow, max-snippet:-1, max-image-preview:large, max-video-preview:-1\" \/>\n<link rel=\"canonical\" href=\"https:\/\/www.lamarinada.com\/es\/politica-de-privacitat\/\" \/>\n<meta property=\"og:locale\" content=\"es_ES\" \/>\n<meta property=\"og:type\" content=\"article\" \/>\n<meta property=\"og:title\" content=\"Pol\u00edtica de Privacitat - La Marinada - Escola de la Mar\" \/>\n<meta property=\"og:description\" content=\"Pol\u00edtica de privacitat El Titular t\u2019informa sobre la seva Pol\u00edtica de Privacitat pel que fa al tractament i protecci\u00f3 de les dades de car\u00e0cter personal dels usuaris que puguin ser recollides durant la navegaci\u00f3 pel lloc web: https:\/\/www.lamarinada.com En aquest sentit, el Titular garanteix el...\" \/>\n<meta property=\"og:url\" content=\"https:\/\/www.lamarinada.com\/es\/politica-de-privacitat\/\" \/>\n<meta property=\"og:site_name\" content=\"La Marinada - Escola de la Mar\" \/>\n<meta property=\"article:modified_time\" content=\"2025-10-06T07:47:29+00:00\" \/>\n<meta name=\"twitter:card\" content=\"summary_large_image\" \/>\n<meta name=\"twitter:label1\" content=\"Tiempo de lectura\" \/>\n\t<meta name=\"twitter:data1\" content=\"9 minutos\" \/>\n<script type=\"application\/ld+json\" class=\"yoast-schema-graph\">{\"@context\":\"https:\\\/\\\/schema.org\",\"@graph\":[{\"@type\":\"WebPage\",\"@id\":\"https:\\\/\\\/www.lamarinada.com\\\/politica-de-privacitat\\\/\",\"url\":\"https:\\\/\\\/www.lamarinada.com\\\/politica-de-privacitat\\\/\",\"name\":\"Pol\u00edtica de Privacitat - La Marinada - Escola de la Mar\",\"isPartOf\":{\"@id\":\"https:\\\/\\\/www.lamarinada.com\\\/#website\"},\"datePublished\":\"2019-10-17T08:33:03+00:00\",\"dateModified\":\"2025-10-06T07:47:29+00:00\",\"breadcrumb\":{\"@id\":\"https:\\\/\\\/www.lamarinada.com\\\/politica-de-privacitat\\\/#breadcrumb\"},\"inLanguage\":\"es\",\"potentialAction\":[{\"@type\":\"ReadAction\",\"target\":[\"https:\\\/\\\/www.lamarinada.com\\\/politica-de-privacitat\\\/\"]}]},{\"@type\":\"BreadcrumbList\",\"@id\":\"https:\\\/\\\/www.lamarinada.com\\\/politica-de-privacitat\\\/#breadcrumb\",\"itemListElement\":[{\"@type\":\"ListItem\",\"position\":1,\"name\":\"Inici\",\"item\":\"https:\\\/\\\/www.lamarinada.com\\\/\"},{\"@type\":\"ListItem\",\"position\":2,\"name\":\"Pol\u00edtica de Privacitat\"}]},{\"@type\":\"WebSite\",\"@id\":\"https:\\\/\\\/www.lamarinada.com\\\/#website\",\"url\":\"https:\\\/\\\/www.lamarinada.com\\\/\",\"name\":\"La Marinada - Escola de la Mar\",\"description\":\"Casa de Colonies\",\"potentialAction\":[{\"@type\":\"SearchAction\",\"target\":{\"@type\":\"EntryPoint\",\"urlTemplate\":\"https:\\\/\\\/www.lamarinada.com\\\/?s={search_term_string}\"},\"query-input\":{\"@type\":\"PropertyValueSpecification\",\"valueRequired\":true,\"valueName\":\"search_term_string\"}}],\"inLanguage\":\"es\"}]}<\/script>\n<!-- \/ Yoast SEO plugin. -->","yoast_head_json":{"title":"Pol\u00edtica de Privacitat - La Marinada - Escola de la Mar","robots":{"index":"index","follow":"follow","max-snippet":"max-snippet:-1","max-image-preview":"max-image-preview:large","max-video-preview":"max-video-preview:-1"},"canonical":"https:\/\/www.lamarinada.com\/es\/politica-de-privacitat\/","og_locale":"es_ES","og_type":"article","og_title":"Pol\u00edtica de Privacitat - La Marinada - Escola de la Mar","og_description":"Pol\u00edtica de privacitat El Titular t\u2019informa sobre la seva Pol\u00edtica de Privacitat pel que fa al tractament i protecci\u00f3 de les dades de car\u00e0cter personal dels usuaris que puguin ser recollides durant la navegaci\u00f3 pel lloc web: https:\/\/www.lamarinada.com En aquest sentit, el Titular garanteix el...","og_url":"https:\/\/www.lamarinada.com\/es\/politica-de-privacitat\/","og_site_name":"La Marinada - Escola de la Mar","article_modified_time":"2025-10-06T07:47:29+00:00","twitter_card":"summary_large_image","twitter_misc":{"Tiempo de lectura":"9 minutos"},"schema":{"@context":"https:\/\/schema.org","@graph":[{"@type":"WebPage","@id":"https:\/\/www.lamarinada.com\/politica-de-privacitat\/","url":"https:\/\/www.lamarinada.com\/politica-de-privacitat\/","name":"Pol\u00edtica de Privacitat - La Marinada - Escola de la Mar","isPartOf":{"@id":"https:\/\/www.lamarinada.com\/#website"},"datePublished":"2019-10-17T08:33:03+00:00","dateModified":"2025-10-06T07:47:29+00:00","breadcrumb":{"@id":"https:\/\/www.lamarinada.com\/politica-de-privacitat\/#breadcrumb"},"inLanguage":"es","potentialAction":[{"@type":"ReadAction","target":["https:\/\/www.lamarinada.com\/politica-de-privacitat\/"]}]},{"@type":"BreadcrumbList","@id":"https:\/\/www.lamarinada.com\/politica-de-privacitat\/#breadcrumb","itemListElement":[{"@type":"ListItem","position":1,"name":"Inici","item":"https:\/\/www.lamarinada.com\/"},{"@type":"ListItem","position":2,"name":"Pol\u00edtica de Privacitat"}]},{"@type":"WebSite","@id":"https:\/\/www.lamarinada.com\/#website","url":"https:\/\/www.lamarinada.com\/","name":"La Marinada - Escola de la Mar","description":"Casa de Colonies","potentialAction":[{"@type":"SearchAction","target":{"@type":"EntryPoint","urlTemplate":"https:\/\/www.lamarinada.com\/?s={search_term_string}"},"query-input":{"@type":"PropertyValueSpecification","valueRequired":true,"valueName":"search_term_string"}}],"inLanguage":"es"}]}},"_links":{"self":[{"href":"https:\/\/www.lamarinada.com\/es\/wp-json\/wp\/v2\/pages\/360","targetHints":{"allow":["GET"]}}],"collection":[{"href":"https:\/\/www.lamarinada.com\/es\/wp-json\/wp\/v2\/pages"}],"about":[{"href":"https:\/\/www.lamarinada.com\/es\/wp-json\/wp\/v2\/types\/page"}],"author":[{"embeddable":true,"href":"https:\/\/www.lamarinada.com\/es\/wp-json\/wp\/v2\/users\/1"}],"replies":[{"embeddable":true,"href":"https:\/\/www.lamarinada.com\/es\/wp-json\/wp\/v2\/comments?post=360"}],"version-history":[{"count":4,"href":"https:\/\/www.lamarinada.com\/es\/wp-json\/wp\/v2\/pages\/360\/revisions"}],"predecessor-version":[{"id":521,"href":"https:\/\/www.lamarinada.com\/es\/wp-json\/wp\/v2\/pages\/360\/revisions\/521"}],"wp:attachment":[{"href":"https:\/\/www.lamarinada.com\/es\/wp-json\/wp\/v2\/media?parent=360"}],"curies":[{"name":"wp","href":"https:\/\/api.w.org\/{rel}","templated":true}]}}